{"id":53297,"date":"2021-05-06T12:05:05","date_gmt":"2021-05-06T12:05:05","guid":{"rendered":"https:\/\/retoyopuedo.com\/?page_id=53297"},"modified":"2021-05-06T12:05:48","modified_gmt":"2021-05-06T12:05:48","slug":"politica-de-privacidad","status":"publish","type":"page","link":"https:\/\/retoyopuedo.com\/index.php\/politica-de-privacidad\/","title":{"rendered":"Pol\u00edtica de Privacidad"},"content":{"rendered":"\n<h2 class=\"wp-block-heading\"><strong>Pol\u00edtica de privacidad<\/strong><\/h2>\n\n\n\n<p>Este sitio web, se compromete a proteger y respetar su privacidad.<\/p>\n\n\n\n<p>Esta pol\u00edtica, junto con nuestras condiciones de uso y cualquier otro documento al que se haga referencia aqu\u00ed, establece el principio b\u00e1sico sobre el que cualquier dato personal que recopilemos de usted o que usted nos proporcione, ser\u00e1 procesado por nosotros.<\/p>\n\n\n\n<p>Por favor, lea atentamente lo siguiente para comprender nuestras opiniones y pr\u00e1cticas en relaci\u00f3n con sus datos personales y c\u00f3mo los trataremos.<\/p>\n\n\n\n<p>Conservamos cierta informaci\u00f3n b\u00e1sica cuando usted visita nuestro sitio web y reconocemos la importancia de mantener esa informaci\u00f3n segura y de hacerle saber lo que haremos con ella.<\/p>\n\n\n\n<p>Esta pol\u00edtica s\u00f3lo se aplica a nuestro sitio web. Si abandona nuestro sitio web a trav\u00e9s de un enlace o de otra manera, estar\u00e1 sujeto a la pol\u00edtica de ese proveedor del sitio web. No tenemos ning\u00fan control sobre la pol\u00edtica o los t\u00e9rminos de otros sitios web. Es su responsabilidad comprobar su pol\u00edtica antes de seguir accediendo a ellos.<\/p>\n\n\n\n<p><strong>INFORMACI\u00d3N QUE PODEMOS RECOPILAR DE USTED<\/strong><\/p>\n\n\n\n<p>Podemos recopilar y procesar la siguiente informaci\u00f3n sobre usted:<\/p>\n\n\n\n<p>Informaci\u00f3n que usted proporciona al llenar los formularios en nuestro sitio.&nbsp;<\/p>\n\n\n\n<p>Informaci\u00f3n proporcionada en el momento de registrarse como usuario en nuestro sitio web al suscribirse a nuestros servicios o al solicitar asistencia adicional<\/p>\n\n\n\n<p>La informaci\u00f3n que usted proporciona al reportar un problema con nuestro sitio web<\/p>\n\n\n\n<p>Cuando se ponga en contacto con nosotros, el registro de esa correspondencia<\/p>\n\n\n\n<p>Encuestas completadas que utilizamos con fines de investigaci\u00f3n; aunque no es necesario que las responda.<\/p>\n\n\n\n<p><strong>DIRECCIONES IP Y COOKIES<\/strong><\/p>\n\n\n\n<p>Podemos recopilar informaci\u00f3n sobre su ordenador, incluyendo, cuando est\u00e9 disponible, su direcci\u00f3n IP, sistema operativo y tipo de navegador. Tambi\u00e9n recopilamos datos para la administraci\u00f3n del sistema y para informar de la informaci\u00f3n agregada a nuestros anunciantes.<\/p>\n\n\n\n<p>Se trata de datos estad\u00edsticos sobre las acciones y patrones de navegaci\u00f3n de nuestros usuarios, y no identifica a ning\u00fan individuo ni recopila informaci\u00f3n personal para nuestros anunciantes externos.<\/p>\n\n\n\n<p>Puede negarse a aceptar las cookies activando la configuraci\u00f3n de su navegador que le permite rechazarlas. Sin embargo, si selecciona esta configuraci\u00f3n, es posible que no pueda acceder a ciertas partes de nuestro sitio web. A menos que haya ajustado la configuraci\u00f3n de su navegador para que rechace las cookies, nuestro sistema emitir\u00e1 cookies cuando inicie sesi\u00f3n en nuestro sitio web.<\/p>\n\n\n\n<p><strong>D\u00d3NDE ALMACENAMOS SUS DATOS PERSONALES<\/strong><\/p>\n\n\n\n<p>Toda la informaci\u00f3n que nos proporciona se almacena en nuestros servidores seguros. Cualquier transacci\u00f3n de pago ser\u00e1 encriptada. Cuando le hayamos dado (o cuando usted haya elegido) una contrase\u00f1a que le permita acceder a ciertas partes de nuestro sitio, usted es responsable de mantener esta contrase\u00f1a confidencial. Le pedimos que no comparta la contrase\u00f1a con nadie.<\/p>\n\n\n\n<p><strong>USOS QUE SE HACEN DE LA INFORMACI\u00d3N<\/strong><\/p>\n\n\n\n<p>Utilizamos la informaci\u00f3n que tenemos sobre usted de las siguientes maneras:<\/p>\n\n\n\n<p>Para asegurar que el contenido de nuestro sitio web se presenta de la manera m\u00e1s efectiva para usted y para su computadora.<\/p>\n\n\n\n<p>Para proporcionarle la informaci\u00f3n, productos o servicios que nos solicite o que consideremos que puedan interesarle, cuando haya consentido que nos pongamos en contacto con usted para tales fines.<\/p>\n\n\n\n<p>Para cumplir con nuestras obligaciones derivadas de cualquier contrato celebrado entre usted y nosotros.<\/p>\n\n\n\n<p>Para permitirle participar en las caracter\u00edsticas interactivas de nuestro servicio, cuando usted decida hacerlo.<\/p>\n\n\n\n<p>Para notificarle sobre cambios en nuestro servicio.<\/p>\n\n\n\n<p><strong>CUMPLIMIENTO DE LA LEY DE PROTECCI\u00d3N DE LA PRIVACIDAD EN L\u00cdNEA DE CALIFORNIA<\/strong><\/p>\n\n\n\n<p>Debido a que valoramos su privacidad, hemos tomado las precauciones necesarias para cumplir con la Ley de Protecci\u00f3n de la Privacidad en L\u00ednea de California. Por lo tanto, no distribuiremos su informaci\u00f3n personal a terceros sin su consentimiento. Como parte de la Ley de Protecci\u00f3n de la Privacidad en L\u00ednea de California, todos los usuarios de nuestro sitio pueden hacer cualquier cambio en su informaci\u00f3n en cualquier momento ingresando a su perfil y yendo a la p\u00e1gina de \u201cInformaci\u00f3n de la Cuenta\u201d.<\/p>\n\n\n\n<p><strong>CUMPLIMIENTO DE LA LEY DE PROTECCI\u00d3N DE LA PRIVACIDAD EN L\u00cdNEA DE LOS NI\u00d1OS<\/strong><\/p>\n\n\n\n<p>Cumplimos con los requisitos de la COPPA (Children\u2019s Online Privacy Protection Act). No recogemos ninguna informaci\u00f3n de nadie menor de 13 a\u00f1os de edad. Nuestro sitio web, productos y servicios est\u00e1n dirigidos a personas que tienen al menos 13 a\u00f1os de edad o m\u00e1s.<\/p>\n\n\n\n<p><strong>SUS DERECHOS<\/strong><\/p>\n\n\n\n<p>Tiene derecho a pedirnos que no procesemos sus datos personales con fines de marketing. Normalmente le informaremos (antes de recoger sus datos) si tenemos la intenci\u00f3n de utilizar sus datos para tales fines o si tenemos la intenci\u00f3n de revelar su informaci\u00f3n a cualquier tercero para tales fines. Puede ejercer su derecho a impedir dicho procesamiento marcando determinadas casillas en los formularios que utilizamos para recoger sus datos. Tambi\u00e9n puede ejercer el derecho en cualquier momento poni\u00e9ndose en contacto con nosotros por correo electr\u00f3nico. Nuestro sitio web puede, de vez en cuando, contener enlaces a y desde los sitios web de nuestras redes de socios, anunciantes y afiliados. Si sigue un enlace a cualquiera de estos sitios web, tenga en cuenta que estos sitios web tienen sus propias pol\u00edticas de privacidad y que no aceptamos ninguna responsabilidad por estas pol\u00edticas. Por favor, compruebe estas pol\u00edticas antes de enviar cualquier dato personal a estos sitios web.<\/p>\n\n\n\n<p><strong>CAMBIOS EN NUESTRA POL\u00cdTICA DE PRIVACIDAD<\/strong><\/p>\n\n\n\n<p>Cualquier cambio que podamos hacer en nuestra pol\u00edtica de privacidad en el futuro ser\u00e1 publicado en esta p\u00e1gina y, cuando sea apropiado, se le notificar\u00e1 por correo electr\u00f3nico. Sin embargo, le aconsejamos que compruebe esta p\u00e1gina regularmente para estar al d\u00eda de cualquier cambio.<\/p>\n\n\n\n<p><strong>SU CONSENTIMIENTO<\/strong><\/p>\n\n\n\n<p>Al utilizar nuestro sitio web, usted indica que est\u00e1 de acuerdo con nuestra pol\u00edtica de privacidad y que se compromete a cumplirla. Si no est\u00e1 de acuerdo con nuestra pol\u00edtica de privacidad, por favor, abst\u00e9ngase de usar nuestro sitio web.<\/p>\n","protected":false},"excerpt":{"rendered":"<p>Pol\u00edtica de privacidad Este sitio web, se compromete a proteger y respetar su privacidad. Esta pol\u00edtica, junto con nuestras condiciones de uso y cualquier otro documento al que se haga referencia aqu\u00ed, establece el principio b\u00e1sico sobre el que cualquier dato personal que recopilemos de usted o que usted nos proporcione, ser\u00e1 procesado por nosotros. [&hellip;]<\/p>\n","protected":false},"author":1,"featured_media":0,"parent":0,"menu_order":0,"comment_status":"closed","ping_status":"closed","template":"","meta":{"footnotes":""},"class_list":["post-53297","page","type-page","status-publish","hentry"],"yoast_head":"<!-- This site is optimized with the Yoast SEO plugin v26.6 - https:\/\/yoast.com\/wordpress\/plugins\/seo\/ -->\n<title>Pol\u00edtica de Privacidad - Reto yo puedo<\/title>\n<meta name=\"robots\" content=\"index, follow, max-snippet:-1, max-image-preview:large, max-video-preview:-1\" \/>\n<link rel=\"canonical\" href=\"https:\/\/retoyopuedo.com\/index.php\/politica-de-privacidad\/\" \/>\n<meta property=\"og:locale\" content=\"en_US\" \/>\n<meta property=\"og:type\" content=\"article\" \/>\n<meta property=\"og:title\" content=\"Pol\u00edtica de Privacidad - Reto yo puedo\" \/>\n<meta property=\"og:description\" content=\"Pol\u00edtica de privacidad Este sitio web, se compromete a proteger y respetar su privacidad. Esta pol\u00edtica, junto con nuestras condiciones de uso y cualquier otro documento al que se haga referencia aqu\u00ed, establece el principio b\u00e1sico sobre el que cualquier dato personal que recopilemos de usted o que usted nos proporcione, ser\u00e1 procesado por nosotros. [&hellip;]\" \/>\n<meta property=\"og:url\" content=\"https:\/\/retoyopuedo.com\/index.php\/politica-de-privacidad\/\" \/>\n<meta property=\"og:site_name\" content=\"Reto yo puedo\" \/>\n<meta property=\"article:modified_time\" content=\"2021-05-06T12:05:48+00:00\" \/>\n<meta name=\"twitter:card\" content=\"summary_large_image\" \/>\n<meta name=\"twitter:label1\" content=\"Est. reading time\" \/>\n\t<meta name=\"twitter:data1\" content=\"5 minutes\" \/>\n<script type=\"application\/ld+json\" class=\"yoast-schema-graph\">{\"@context\":\"https:\/\/schema.org\",\"@graph\":[{\"@type\":\"WebPage\",\"@id\":\"https:\/\/retoyopuedo.com\/index.php\/politica-de-privacidad\/\",\"url\":\"https:\/\/retoyopuedo.com\/index.php\/politica-de-privacidad\/\",\"name\":\"Pol\u00edtica de Privacidad - Reto yo puedo\",\"isPartOf\":{\"@id\":\"https:\/\/retoyopuedo.com\/#website\"},\"datePublished\":\"2021-05-06T12:05:05+00:00\",\"dateModified\":\"2021-05-06T12:05:48+00:00\",\"breadcrumb\":{\"@id\":\"https:\/\/retoyopuedo.com\/index.php\/politica-de-privacidad\/#breadcrumb\"},\"inLanguage\":\"en-US\",\"potentialAction\":[{\"@type\":\"ReadAction\",\"target\":[\"https:\/\/retoyopuedo.com\/index.php\/politica-de-privacidad\/\"]}]},{\"@type\":\"BreadcrumbList\",\"@id\":\"https:\/\/retoyopuedo.com\/index.php\/politica-de-privacidad\/#breadcrumb\",\"itemListElement\":[{\"@type\":\"ListItem\",\"position\":1,\"name\":\"Home\",\"item\":\"https:\/\/retoyopuedo.com\/\"},{\"@type\":\"ListItem\",\"position\":2,\"name\":\"Pol\u00edtica de Privacidad\"}]},{\"@type\":\"WebSite\",\"@id\":\"https:\/\/retoyopuedo.com\/#website\",\"url\":\"https:\/\/retoyopuedo.com\/\",\"name\":\"Reto yo puedo\",\"description\":\"Atrevete a ser diferente\",\"publisher\":{\"@id\":\"https:\/\/retoyopuedo.com\/#organization\"},\"potentialAction\":[{\"@type\":\"SearchAction\",\"target\":{\"@type\":\"EntryPoint\",\"urlTemplate\":\"https:\/\/retoyopuedo.com\/?s={search_term_string}\"},\"query-input\":{\"@type\":\"PropertyValueSpecification\",\"valueRequired\":true,\"valueName\":\"search_term_string\"}}],\"inLanguage\":\"en-US\"},{\"@type\":\"Organization\",\"@id\":\"https:\/\/retoyopuedo.com\/#organization\",\"name\":\"Coco March\",\"url\":\"https:\/\/retoyopuedo.com\/\",\"logo\":{\"@type\":\"ImageObject\",\"inLanguage\":\"en-US\",\"@id\":\"https:\/\/retoyopuedo.com\/#\/schema\/logo\/image\/\",\"url\":\"https:\/\/retoyopuedo.com\/wp-content\/uploads\/2021\/03\/es_logo-coco-march.svg\",\"contentUrl\":\"https:\/\/retoyopuedo.com\/wp-content\/uploads\/2021\/03\/es_logo-coco-march.svg\",\"caption\":\"Coco March\"},\"image\":{\"@id\":\"https:\/\/retoyopuedo.com\/#\/schema\/logo\/image\/\"}}]}<\/script>\n<!-- \/ Yoast SEO plugin. -->","yoast_head_json":{"title":"Pol\u00edtica de Privacidad - Reto yo puedo","robots":{"index":"index","follow":"follow","max-snippet":"max-snippet:-1","max-image-preview":"max-image-preview:large","max-video-preview":"max-video-preview:-1"},"canonical":"https:\/\/retoyopuedo.com\/index.php\/politica-de-privacidad\/","og_locale":"en_US","og_type":"article","og_title":"Pol\u00edtica de Privacidad - Reto yo puedo","og_description":"Pol\u00edtica de privacidad Este sitio web, se compromete a proteger y respetar su privacidad. Esta pol\u00edtica, junto con nuestras condiciones de uso y cualquier otro documento al que se haga referencia aqu\u00ed, establece el principio b\u00e1sico sobre el que cualquier dato personal que recopilemos de usted o que usted nos proporcione, ser\u00e1 procesado por nosotros. [&hellip;]","og_url":"https:\/\/retoyopuedo.com\/index.php\/politica-de-privacidad\/","og_site_name":"Reto yo puedo","article_modified_time":"2021-05-06T12:05:48+00:00","twitter_card":"summary_large_image","twitter_misc":{"Est. reading time":"5 minutes"},"schema":{"@context":"https:\/\/schema.org","@graph":[{"@type":"WebPage","@id":"https:\/\/retoyopuedo.com\/index.php\/politica-de-privacidad\/","url":"https:\/\/retoyopuedo.com\/index.php\/politica-de-privacidad\/","name":"Pol\u00edtica de Privacidad - Reto yo puedo","isPartOf":{"@id":"https:\/\/retoyopuedo.com\/#website"},"datePublished":"2021-05-06T12:05:05+00:00","dateModified":"2021-05-06T12:05:48+00:00","breadcrumb":{"@id":"https:\/\/retoyopuedo.com\/index.php\/politica-de-privacidad\/#breadcrumb"},"inLanguage":"en-US","potentialAction":[{"@type":"ReadAction","target":["https:\/\/retoyopuedo.com\/index.php\/politica-de-privacidad\/"]}]},{"@type":"BreadcrumbList","@id":"https:\/\/retoyopuedo.com\/index.php\/politica-de-privacidad\/#breadcrumb","itemListElement":[{"@type":"ListItem","position":1,"name":"Home","item":"https:\/\/retoyopuedo.com\/"},{"@type":"ListItem","position":2,"name":"Pol\u00edtica de Privacidad"}]},{"@type":"WebSite","@id":"https:\/\/retoyopuedo.com\/#website","url":"https:\/\/retoyopuedo.com\/","name":"Reto yo puedo","description":"Atrevete a ser diferente","publisher":{"@id":"https:\/\/retoyopuedo.com\/#organization"},"potentialAction":[{"@type":"SearchAction","target":{"@type":"EntryPoint","urlTemplate":"https:\/\/retoyopuedo.com\/?s={search_term_string}"},"query-input":{"@type":"PropertyValueSpecification","valueRequired":true,"valueName":"search_term_string"}}],"inLanguage":"en-US"},{"@type":"Organization","@id":"https:\/\/retoyopuedo.com\/#organization","name":"Coco March","url":"https:\/\/retoyopuedo.com\/","logo":{"@type":"ImageObject","inLanguage":"en-US","@id":"https:\/\/retoyopuedo.com\/#\/schema\/logo\/image\/","url":"https:\/\/retoyopuedo.com\/wp-content\/uploads\/2021\/03\/es_logo-coco-march.svg","contentUrl":"https:\/\/retoyopuedo.com\/wp-content\/uploads\/2021\/03\/es_logo-coco-march.svg","caption":"Coco March"},"image":{"@id":"https:\/\/retoyopuedo.com\/#\/schema\/logo\/image\/"}}]}},"_links":{"self":[{"href":"https:\/\/retoyopuedo.com\/index.php\/wp-json\/wp\/v2\/pages\/53297","targetHints":{"allow":["GET"]}}],"collection":[{"href":"https:\/\/retoyopuedo.com\/index.php\/wp-json\/wp\/v2\/pages"}],"about":[{"href":"https:\/\/retoyopuedo.com\/index.php\/wp-json\/wp\/v2\/types\/page"}],"author":[{"embeddable":true,"href":"https:\/\/retoyopuedo.com\/index.php\/wp-json\/wp\/v2\/users\/1"}],"replies":[{"embeddable":true,"href":"https:\/\/retoyopuedo.com\/index.php\/wp-json\/wp\/v2\/comments?post=53297"}],"version-history":[{"count":2,"href":"https:\/\/retoyopuedo.com\/index.php\/wp-json\/wp\/v2\/pages\/53297\/revisions"}],"predecessor-version":[{"id":53299,"href":"https:\/\/retoyopuedo.com\/index.php\/wp-json\/wp\/v2\/pages\/53297\/revisions\/53299"}],"wp:attachment":[{"href":"https:\/\/retoyopuedo.com\/index.php\/wp-json\/wp\/v2\/media?parent=53297"}],"curies":[{"name":"wp","href":"https:\/\/api.w.org\/{rel}","templated":true}]}}